{"id":19697,"date":"2026-03-17T17:21:37","date_gmt":"2026-03-17T17:21:37","guid":{"rendered":"https:\/\/emmapapelerias.cl\/index.php\/producto\/libro-para-colorear-bobbie-goods-volumen-1\/"},"modified":"2026-03-17T17:35:23","modified_gmt":"2026-03-17T17:35:23","slug":"libro-para-colorear-bobbie-goods-volumen-1","status":"publish","type":"product","link":"https:\/\/emmapapelerias.cl\/index.php\/producto\/libro-para-colorear-bobbie-goods-volumen-1\/","title":{"rendered":"Libro Para Colorear Bobbie Goods &#8211; Volumen 1"},"content":{"rendered":"<p>Libro para colorear con el adorable personaje Bobbie Goods. Volumen 1 con m\u00faltiples dise\u00f1os divertidos y coloridos. Ideal para ni\u00f1os.<\/p>\n","protected":false},"excerpt":{"rendered":"<p>Libro para colorear Bobbie Goods volumen 1.<\/p>\n","protected":false},"featured_media":19735,"comment_status":"open","ping_status":"closed","template":"","meta":[],"product_brand":[],"product_cat":[125],"product_tag":[139,126,140,132],"class_list":{"0":"post-19697","1":"product","2":"type-product","3":"status-publish","4":"has-post-thumbnail","6":"product_cat-libros-de-colorear","7":"product_tag-bobbie-goods","8":"product_tag-colorear","9":"product_tag-diverso","10":"product_tag-ninos","12":"first","13":"outofstock","14":"shipping-taxable","15":"purchasable","16":"product-type-simple"},"_links":{"self":[{"href":"https:\/\/emmapapelerias.cl\/index.php\/wp-json\/wp\/v2\/product\/19697","targetHints":{"allow":["GET"]}}],"collection":[{"href":"https:\/\/emmapapelerias.cl\/index.php\/wp-json\/wp\/v2\/product"}],"about":[{"href":"https:\/\/emmapapelerias.cl\/index.php\/wp-json\/wp\/v2\/types\/product"}],"replies":[{"embeddable":true,"href":"https:\/\/emmapapelerias.cl\/index.php\/wp-json\/wp\/v2\/comments?post=19697"}],"version-history":[{"count":0,"href":"https:\/\/emmapapelerias.cl\/index.php\/wp-json\/wp\/v2\/product\/19697\/revisions"}],"wp:featuredmedia":[{"embeddable":true,"href":"https:\/\/emmapapelerias.cl\/index.php\/wp-json\/wp\/v2\/media\/19735"}],"wp:attachment":[{"href":"https:\/\/emmapapelerias.cl\/index.php\/wp-json\/wp\/v2\/media?parent=19697"}],"wp:term":[{"taxonomy":"product_brand","embeddable":true,"href":"https:\/\/emmapapelerias.cl\/index.php\/wp-json\/wp\/v2\/product_brand?post=19697"},{"taxonomy":"product_cat","embeddable":true,"href":"https:\/\/emmapapelerias.cl\/index.php\/wp-json\/wp\/v2\/product_cat?post=19697"},{"taxonomy":"product_tag","embeddable":true,"href":"https:\/\/emmapapelerias.cl\/index.php\/wp-json\/wp\/v2\/product_tag?post=19697"}],"curies":[{"name":"wp","href":"https:\/\/api.w.org\/{rel}","templated":true}]}}