{"id":19699,"date":"2026-03-17T17:21:37","date_gmt":"2026-03-17T17:21:37","guid":{"rendered":"https:\/\/emmapapelerias.cl\/index.php\/producto\/cuadro-personalizado-para-parejas-diseno-002\/"},"modified":"2026-03-17T17:35:25","modified_gmt":"2026-03-17T17:35:25","slug":"cuadro-personalizado-para-parejas-diseno-002","status":"publish","type":"product","link":"https:\/\/emmapapelerias.cl\/index.php\/producto\/cuadro-personalizado-para-parejas-diseno-002\/","title":{"rendered":"Cuadro Personalizado Para Parejas &#8211; Dise\u00f1o #002"},"content":{"rendered":"<p>Cuadro decorativo con marco para parejas. Dise\u00f1o #002. Incluye vidrio. Marco de buena calidad. Medidas est\u00e1ndar 30&#215;21 cm.<\/p>\n","protected":false},"excerpt":{"rendered":"<p>Cuadro personalizado para parejas dise\u00f1o #002.<\/p>\n","protected":false},"featured_media":19737,"comment_status":"open","ping_status":"closed","template":"","meta":[],"product_brand":[],"product_cat":[142],"product_tag":[143,146,147,118,148],"class_list":{"0":"post-19699","1":"product","2":"type-product","3":"status-publish","4":"has-post-thumbnail","6":"product_cat-cuadros-para-parejas","7":"product_tag-cuadro","8":"product_tag-decorativo","9":"product_tag-marco","10":"product_tag-parejas","11":"product_tag-vidrio","13":"first","14":"outofstock","15":"shipping-taxable","16":"purchasable","17":"product-type-simple"},"_links":{"self":[{"href":"https:\/\/emmapapelerias.cl\/index.php\/wp-json\/wp\/v2\/product\/19699","targetHints":{"allow":["GET"]}}],"collection":[{"href":"https:\/\/emmapapelerias.cl\/index.php\/wp-json\/wp\/v2\/product"}],"about":[{"href":"https:\/\/emmapapelerias.cl\/index.php\/wp-json\/wp\/v2\/types\/product"}],"replies":[{"embeddable":true,"href":"https:\/\/emmapapelerias.cl\/index.php\/wp-json\/wp\/v2\/comments?post=19699"}],"version-history":[{"count":0,"href":"https:\/\/emmapapelerias.cl\/index.php\/wp-json\/wp\/v2\/product\/19699\/revisions"}],"wp:featuredmedia":[{"embeddable":true,"href":"https:\/\/emmapapelerias.cl\/index.php\/wp-json\/wp\/v2\/media\/19737"}],"wp:attachment":[{"href":"https:\/\/emmapapelerias.cl\/index.php\/wp-json\/wp\/v2\/media?parent=19699"}],"wp:term":[{"taxonomy":"product_brand","embeddable":true,"href":"https:\/\/emmapapelerias.cl\/index.php\/wp-json\/wp\/v2\/product_brand?post=19699"},{"taxonomy":"product_cat","embeddable":true,"href":"https:\/\/emmapapelerias.cl\/index.php\/wp-json\/wp\/v2\/product_cat?post=19699"},{"taxonomy":"product_tag","embeddable":true,"href":"https:\/\/emmapapelerias.cl\/index.php\/wp-json\/wp\/v2\/product_tag?post=19699"}],"curies":[{"name":"wp","href":"https:\/\/api.w.org\/{rel}","templated":true}]}}