{"id":19701,"date":"2026-03-17T17:21:38","date_gmt":"2026-03-17T17:21:38","guid":{"rendered":"https:\/\/emmapapelerias.cl\/index.php\/producto\/cuadro-personalizado-para-parejas-diseno-005\/"},"modified":"2026-03-17T17:35:27","modified_gmt":"2026-03-17T17:35:27","slug":"cuadro-personalizado-para-parejas-diseno-005","status":"publish","type":"product","link":"https:\/\/emmapapelerias.cl\/index.php\/producto\/cuadro-personalizado-para-parejas-diseno-005\/","title":{"rendered":"Cuadro Personalizado Para Parejas &#8211; Dise\u00f1o #005"},"content":{"rendered":"<p>Hermoso cuadro con dise\u00f1o #005. Marco incluido. Vidrio protector. Para decorar la habitaci\u00f3n de pareja.<\/p>\n","protected":false},"excerpt":{"rendered":"<p>Cuadro personalizado para parejas dise\u00f1o #005.<\/p>\n","protected":false},"featured_media":19739,"comment_status":"open","ping_status":"closed","template":"","meta":[],"product_brand":[],"product_cat":[142],"product_tag":[143,145,149,118],"class_list":{"0":"post-19701","1":"product","2":"type-product","3":"status-publish","4":"has-post-thumbnail","6":"product_cat-cuadros-para-parejas","7":"product_tag-cuadro","8":"product_tag-decoracion","9":"product_tag-hogar","10":"product_tag-parejas","12":"first","13":"outofstock","14":"shipping-taxable","15":"purchasable","16":"product-type-simple"},"_links":{"self":[{"href":"https:\/\/emmapapelerias.cl\/index.php\/wp-json\/wp\/v2\/product\/19701","targetHints":{"allow":["GET"]}}],"collection":[{"href":"https:\/\/emmapapelerias.cl\/index.php\/wp-json\/wp\/v2\/product"}],"about":[{"href":"https:\/\/emmapapelerias.cl\/index.php\/wp-json\/wp\/v2\/types\/product"}],"replies":[{"embeddable":true,"href":"https:\/\/emmapapelerias.cl\/index.php\/wp-json\/wp\/v2\/comments?post=19701"}],"version-history":[{"count":0,"href":"https:\/\/emmapapelerias.cl\/index.php\/wp-json\/wp\/v2\/product\/19701\/revisions"}],"wp:featuredmedia":[{"embeddable":true,"href":"https:\/\/emmapapelerias.cl\/index.php\/wp-json\/wp\/v2\/media\/19739"}],"wp:attachment":[{"href":"https:\/\/emmapapelerias.cl\/index.php\/wp-json\/wp\/v2\/media?parent=19701"}],"wp:term":[{"taxonomy":"product_brand","embeddable":true,"href":"https:\/\/emmapapelerias.cl\/index.php\/wp-json\/wp\/v2\/product_brand?post=19701"},{"taxonomy":"product_cat","embeddable":true,"href":"https:\/\/emmapapelerias.cl\/index.php\/wp-json\/wp\/v2\/product_cat?post=19701"},{"taxonomy":"product_tag","embeddable":true,"href":"https:\/\/emmapapelerias.cl\/index.php\/wp-json\/wp\/v2\/product_tag?post=19701"}],"curies":[{"name":"wp","href":"https:\/\/api.w.org\/{rel}","templated":true}]}}