{"id":19703,"date":"2026-03-17T17:21:38","date_gmt":"2026-03-17T17:21:38","guid":{"rendered":"https:\/\/emmapapelerias.cl\/index.php\/producto\/cuadro-personalizado-para-parejas-diseno-008\/"},"modified":"2026-03-17T17:35:29","modified_gmt":"2026-03-17T17:35:29","slug":"cuadro-personalizado-para-parejas-diseno-008","status":"publish","type":"product","link":"https:\/\/emmapapelerias.cl\/index.php\/producto\/cuadro-personalizado-para-parejas-diseno-008\/","title":{"rendered":"Cuadro Personalizado Para Parejas &#8211; Dise\u00f1o #008"},"content":{"rendered":"<p>Cuadro decorativo con dise\u00f1o #008. Marco elegante. Ideal como regalo de aniversario o D\u00eda de San Valent\u00edn.<\/p>\n","protected":false},"excerpt":{"rendered":"<p>Cuadro personalizado para parejas dise\u00f1o #008.<\/p>\n","protected":false},"featured_media":19741,"comment_status":"open","ping_status":"closed","template":"","meta":[],"product_brand":[],"product_cat":[142],"product_tag":[119,143,118,105],"class_list":{"0":"post-19703","1":"product","2":"type-product","3":"status-publish","4":"has-post-thumbnail","6":"product_cat-cuadros-para-parejas","7":"product_tag-amor","8":"product_tag-cuadro","9":"product_tag-parejas","10":"product_tag-regalo","12":"first","13":"outofstock","14":"shipping-taxable","15":"purchasable","16":"product-type-simple"},"_links":{"self":[{"href":"https:\/\/emmapapelerias.cl\/index.php\/wp-json\/wp\/v2\/product\/19703","targetHints":{"allow":["GET"]}}],"collection":[{"href":"https:\/\/emmapapelerias.cl\/index.php\/wp-json\/wp\/v2\/product"}],"about":[{"href":"https:\/\/emmapapelerias.cl\/index.php\/wp-json\/wp\/v2\/types\/product"}],"replies":[{"embeddable":true,"href":"https:\/\/emmapapelerias.cl\/index.php\/wp-json\/wp\/v2\/comments?post=19703"}],"version-history":[{"count":0,"href":"https:\/\/emmapapelerias.cl\/index.php\/wp-json\/wp\/v2\/product\/19703\/revisions"}],"wp:featuredmedia":[{"embeddable":true,"href":"https:\/\/emmapapelerias.cl\/index.php\/wp-json\/wp\/v2\/media\/19741"}],"wp:attachment":[{"href":"https:\/\/emmapapelerias.cl\/index.php\/wp-json\/wp\/v2\/media?parent=19703"}],"wp:term":[{"taxonomy":"product_brand","embeddable":true,"href":"https:\/\/emmapapelerias.cl\/index.php\/wp-json\/wp\/v2\/product_brand?post=19703"},{"taxonomy":"product_cat","embeddable":true,"href":"https:\/\/emmapapelerias.cl\/index.php\/wp-json\/wp\/v2\/product_cat?post=19703"},{"taxonomy":"product_tag","embeddable":true,"href":"https:\/\/emmapapelerias.cl\/index.php\/wp-json\/wp\/v2\/product_tag?post=19703"}],"curies":[{"name":"wp","href":"https:\/\/api.w.org\/{rel}","templated":true}]}}