{"id":19706,"date":"2026-03-17T17:21:40","date_gmt":"2026-03-17T17:21:40","guid":{"rendered":"https:\/\/emmapapelerias.cl\/index.php\/producto\/cuadro-personalizado-para-parejas-diseno-012-a4\/"},"modified":"2026-03-17T17:35:32","modified_gmt":"2026-03-17T17:35:32","slug":"cuadro-personalizado-para-parejas-diseno-012-a4","status":"publish","type":"product","link":"https:\/\/emmapapelerias.cl\/index.php\/producto\/cuadro-personalizado-para-parejas-diseno-012-a4\/","title":{"rendered":"Cuadro Personalizado Para Parejas &#8211; Dise\u00f1o #012 A4"},"content":{"rendered":"<p>Cuadro con medidas A4 (30&#215;21 cm) y dise\u00f1o #012. Marco incluido. Vidrio protector. Excelente decoraci\u00f3n para pareja.<\/p>\n","protected":false},"excerpt":{"rendered":"<p>Cuadro personalizado tama\u00f1o A4 (30&#215;21 cm) dise\u00f1o #012.<\/p>\n","protected":false},"featured_media":19744,"comment_status":"open","ping_status":"closed","template":"","meta":[],"product_brand":[],"product_cat":[142],"product_tag":[151,143,147,118,144],"class_list":{"0":"post-19706","1":"product","2":"type-product","3":"status-publish","4":"has-post-thumbnail","6":"product_cat-cuadros-para-parejas","7":"product_tag-a4","8":"product_tag-cuadro","9":"product_tag-marco","10":"product_tag-parejas","11":"product_tag-personalizado","13":"first","14":"outofstock","15":"shipping-taxable","16":"purchasable","17":"product-type-simple"},"_links":{"self":[{"href":"https:\/\/emmapapelerias.cl\/index.php\/wp-json\/wp\/v2\/product\/19706","targetHints":{"allow":["GET"]}}],"collection":[{"href":"https:\/\/emmapapelerias.cl\/index.php\/wp-json\/wp\/v2\/product"}],"about":[{"href":"https:\/\/emmapapelerias.cl\/index.php\/wp-json\/wp\/v2\/types\/product"}],"replies":[{"embeddable":true,"href":"https:\/\/emmapapelerias.cl\/index.php\/wp-json\/wp\/v2\/comments?post=19706"}],"version-history":[{"count":0,"href":"https:\/\/emmapapelerias.cl\/index.php\/wp-json\/wp\/v2\/product\/19706\/revisions"}],"wp:featuredmedia":[{"embeddable":true,"href":"https:\/\/emmapapelerias.cl\/index.php\/wp-json\/wp\/v2\/media\/19744"}],"wp:attachment":[{"href":"https:\/\/emmapapelerias.cl\/index.php\/wp-json\/wp\/v2\/media?parent=19706"}],"wp:term":[{"taxonomy":"product_brand","embeddable":true,"href":"https:\/\/emmapapelerias.cl\/index.php\/wp-json\/wp\/v2\/product_brand?post=19706"},{"taxonomy":"product_cat","embeddable":true,"href":"https:\/\/emmapapelerias.cl\/index.php\/wp-json\/wp\/v2\/product_cat?post=19706"},{"taxonomy":"product_tag","embeddable":true,"href":"https:\/\/emmapapelerias.cl\/index.php\/wp-json\/wp\/v2\/product_tag?post=19706"}],"curies":[{"name":"wp","href":"https:\/\/api.w.org\/{rel}","templated":true}]}}